{"id":7473,"date":"2023-02-06T14:54:39","date_gmt":"2023-02-06T13:54:39","guid":{"rendered":"https:\/\/www.ed-energy.de\/wind-turbines\/projektrealisierung-bauausfuehrung\/"},"modified":"2023-02-23T11:02:47","modified_gmt":"2023-02-23T10:02:47","slug":"realization-of-the-project-building-construction","status":"publish","type":"page","link":"https:\/\/www.ed-energy.de\/en\/wind-turbines\/realization-of-the-project-building-construction\/","title":{"rendered":"Realization of the project &#038; Building construction"},"content":{"rendered":"<div id=\"pl-7473\"  class=\"panel-layout\" ><div id=\"pg-7473-0\"  class=\"panel-grid panel-no-style\" ><div id=\"pgc-7473-0-0\"  class=\"panel-grid-cell\" ><div id=\"panel-7473-0-0-0\" class=\"so-panel widget widget_sow-editor panel-first-child panel-last-child\" data-index=\"0\" ><div\n\t\t\t\n\t\t\tclass=\"so-widget-sow-editor so-widget-sow-editor-base\"\n\t\t\t\n\t\t>\n<div class=\"siteorigin-widget-tinymce textwidget\">\n\t<p><img loading=\"lazy\" decoding=\"async\" class=\"size-medium alignleft\" style=\"display: block;\" src=\"https:\/\/www.ed-energy.de\/wp-content\/uploads\/40455249-scaled.jpg\" alt=\"Ascension d\u00e9licate de la premi\u00e8re pale d'un prototype d'\u00e9olie\" width=\"152\" height=\"203\" \/><img loading=\"lazy\" decoding=\"async\" class=\"size-medium alignleft\" style=\"display: block;\" src=\"https:\/\/www.ed-energy.de\/wp-content\/uploads\/12648785.jpg\" alt=\"Windkraftanlage im Aufbau\" width=\"135\" height=\"203\" \/><img loading=\"lazy\" decoding=\"async\" class=\"size-medium alignleft\" style=\"display: block;\" src=\"https:\/\/www.ed-energy.de\/wp-content\/uploads\/26169832.jpg\" alt=\"Windkraftanlage\" width=\"300\" height=\"203\" \/><\/p>\n<p>&nbsp;<\/p>\n<p>&nbsp;<\/p>\n<p>&nbsp;<\/p>\n<p>&nbsp;<\/p>\n<p>&nbsp;<\/p>\n<p>&nbsp;<\/p>\n<ul>\n<li>Tendering and placing of all construction work, construction management and construction supervision, construction site logistics<\/li>\n<\/ul>\n<ul>\n<li>Road construction, driving bridge, crane utility space, cable trays<\/li>\n<\/ul>\n<ul>\n<li>Turnkey construction, as a general contractor<\/li>\n<\/ul>\n<ul>\n<li>Supervision of commissioning, handover documentation<\/li>\n<\/ul>\n<ul>\n<li>Monitoring and controlling for the investor, damage and defect removal (technical management) financial management<\/li>\n<\/ul>\n<ul>\n<li>Specialists for contract procedures between investor and wind turbine manufacturer (delivery, detailed interpretation of contracts, maintenance contracts)<\/li>\n<\/ul>\n<ul>\n<li>Technical support of the investor in the financial procedure<\/li>\n<\/ul>\n<ul>\n<li>Cash flow analysis and return-on-investment studies, advice and support during the due diligence, border risk studies, scenarios for energy yield fluctuations<\/li>\n<\/ul>\n<ul>\n<li>Consulting and support of the investor applications<\/li>\n<\/ul>\n<ul>\n<li>Creation of project idea note, baseline report, project design document<\/li>\n<\/ul>\n<div class=\"fn-tagline-box fn-panel fn-panel-rounded uk-background-primary uk-light uk-padding-medium\">\n      <div class=\"uk-flex uk-flex-middle uk-grid-medium\" uk-grid>\n        <div class=\"uk-width-expand@m\"><p class=\"uk-h3 uk-margin-remove\">Any questions? Call us!<br \/>\n+49 (030) 521 35 20 60<\/p><p>Or simply write us an email<\/p><\/div>\n        <div class=\"uk-width-auto@m\">\n          <a class=\"uk-button uk-button-primary\" href=\"mailto:info@ed-energy.de\" target=\"_blank\">Contact us<\/a>\n        <\/div>\n      <\/div>\n    <\/div>\n<\/div>\n<\/div><\/div><\/div><\/div><\/div>","protected":false},"excerpt":{"rendered":"<p>&nbsp; &nbsp; &nbsp; &nbsp; &nbsp; &nbsp; Tendering and placing of all construction work, construction management and construction supervision, construction site logistics Road construction, driving bridge, crane utility space, cable trays Turnkey construction, as a general contractor Supervision of commissioning, handover documentation Monitoring and controlling for the investor, damage and defect removal (technical management) financial management [&hellip;]<\/p>\n","protected":false},"author":1,"featured_media":0,"parent":7457,"menu_order":30,"comment_status":"closed","ping_status":"closed","template":"template-sidebar.php","meta":{"_acf_changed":false,"footnotes":""},"class_list":["post-7473","page","type-page","status-publish","hentry"],"acf":[],"yoast_head":"<!-- This site is optimized with the Yoast SEO plugin v26.9 - https:\/\/yoast.com\/product\/yoast-seo-wordpress\/ -->\n<title>REALIZATION OF THE PROJECT &amp; BUILDING CONSTRUCTION<\/title>\n<meta name=\"description\" content=\"Tendering and placing of all construction work, construction management and construction\" \/>\n<meta name=\"robots\" content=\"index, follow, max-snippet:-1, max-image-preview:large, max-video-preview:-1\" \/>\n<link rel=\"canonical\" href=\"https:\/\/www.ed-energy.de\/en\/wind-turbines\/realization-of-the-project-building-construction\/\" \/>\n<meta property=\"og:locale\" content=\"en_US\" \/>\n<meta property=\"og:type\" content=\"article\" \/>\n<meta property=\"og:title\" content=\"REALIZATION OF THE PROJECT &amp; BUILDING CONSTRUCTION\" \/>\n<meta property=\"og:description\" content=\"Tendering and placing of all construction work, construction management and construction\" \/>\n<meta property=\"og:url\" content=\"https:\/\/www.ed-energy.de\/en\/wind-turbines\/realization-of-the-project-building-construction\/\" \/>\n<meta property=\"og:site_name\" content=\"ED-ENERGY\" \/>\n<meta property=\"article:modified_time\" content=\"2023-02-23T10:02:47+00:00\" \/>\n<meta property=\"og:image\" content=\"https:\/\/www.ed-energy.de\/wp-content\/uploads\/40455249-scaled.jpg\" \/>\n<meta name=\"twitter:card\" content=\"summary_large_image\" \/>\n<meta name=\"twitter:label1\" content=\"Est. reading time\" \/>\n\t<meta name=\"twitter:data1\" content=\"2 minutes\" \/>\n<script type=\"application\/ld+json\" class=\"yoast-schema-graph\">{\"@context\":\"https:\/\/schema.org\",\"@graph\":[{\"@type\":\"WebPage\",\"@id\":\"https:\/\/www.ed-energy.de\/en\/wind-turbines\/realization-of-the-project-building-construction\/\",\"url\":\"https:\/\/www.ed-energy.de\/en\/wind-turbines\/realization-of-the-project-building-construction\/\",\"name\":\"REALIZATION OF THE PROJECT & BUILDING CONSTRUCTION\",\"isPartOf\":{\"@id\":\"https:\/\/www.ed-energy.de\/#website\"},\"primaryImageOfPage\":{\"@id\":\"https:\/\/www.ed-energy.de\/en\/wind-turbines\/realization-of-the-project-building-construction\/#primaryimage\"},\"image\":{\"@id\":\"https:\/\/www.ed-energy.de\/en\/wind-turbines\/realization-of-the-project-building-construction\/#primaryimage\"},\"thumbnailUrl\":\"https:\/\/www.ed-energy.de\/wp-content\/uploads\/40455249-scaled.jpg\",\"datePublished\":\"2023-02-06T13:54:39+00:00\",\"dateModified\":\"2023-02-23T10:02:47+00:00\",\"description\":\"Tendering and placing of all construction work, construction management and construction\",\"breadcrumb\":{\"@id\":\"https:\/\/www.ed-energy.de\/en\/wind-turbines\/realization-of-the-project-building-construction\/#breadcrumb\"},\"inLanguage\":\"en-US\",\"potentialAction\":[{\"@type\":\"ReadAction\",\"target\":[\"https:\/\/www.ed-energy.de\/en\/wind-turbines\/realization-of-the-project-building-construction\/\"]}]},{\"@type\":\"ImageObject\",\"inLanguage\":\"en-US\",\"@id\":\"https:\/\/www.ed-energy.de\/en\/wind-turbines\/realization-of-the-project-building-construction\/#primaryimage\",\"url\":\"https:\/\/www.ed-energy.de\/wp-content\/uploads\/40455249-scaled.jpg\",\"contentUrl\":\"https:\/\/www.ed-energy.de\/wp-content\/uploads\/40455249-scaled.jpg\"},{\"@type\":\"BreadcrumbList\",\"@id\":\"https:\/\/www.ed-energy.de\/en\/wind-turbines\/realization-of-the-project-building-construction\/#breadcrumb\",\"itemListElement\":[{\"@type\":\"ListItem\",\"position\":1,\"name\":\"Home\",\"item\":\"https:\/\/www.ed-energy.de\/en\/\"},{\"@type\":\"ListItem\",\"position\":2,\"name\":\"Wind energy\",\"item\":\"https:\/\/www.ed-energy.de\/en\/wind-turbines\/\"},{\"@type\":\"ListItem\",\"position\":3,\"name\":\"Realization of the project &#038; Building construction\"}]},{\"@type\":\"WebSite\",\"@id\":\"https:\/\/www.ed-energy.de\/#website\",\"url\":\"https:\/\/www.ed-energy.de\/\",\"name\":\"ED-ENERGY\",\"description\":\"Regenerative Energiesysteme\",\"publisher\":{\"@id\":\"https:\/\/www.ed-energy.de\/#organization\"},\"potentialAction\":[{\"@type\":\"SearchAction\",\"target\":{\"@type\":\"EntryPoint\",\"urlTemplate\":\"https:\/\/www.ed-energy.de\/?s={search_term_string}\"},\"query-input\":{\"@type\":\"PropertyValueSpecification\",\"valueRequired\":true,\"valueName\":\"search_term_string\"}}],\"inLanguage\":\"en-US\"},{\"@type\":\"Organization\",\"@id\":\"https:\/\/www.ed-energy.de\/#organization\",\"name\":\"EDEG ED-Energy Germany GmbH\",\"url\":\"https:\/\/www.ed-energy.de\/\",\"logo\":{\"@type\":\"ImageObject\",\"inLanguage\":\"en-US\",\"@id\":\"https:\/\/www.ed-energy.de\/#\/schema\/logo\/image\/\",\"url\":\"https:\/\/www.ed-energy.de\/wp-content\/uploads\/logo_x2.png\",\"contentUrl\":\"https:\/\/www.ed-energy.de\/wp-content\/uploads\/logo_x2.png\",\"width\":440,\"height\":100,\"caption\":\"EDEG ED-Energy Germany GmbH\"},\"image\":{\"@id\":\"https:\/\/www.ed-energy.de\/#\/schema\/logo\/image\/\"}}]}<\/script>\n<!-- \/ Yoast SEO plugin. -->","yoast_head_json":{"title":"REALIZATION OF THE PROJECT & BUILDING CONSTRUCTION","description":"Tendering and placing of all construction work, construction management and construction","robots":{"index":"index","follow":"follow","max-snippet":"max-snippet:-1","max-image-preview":"max-image-preview:large","max-video-preview":"max-video-preview:-1"},"canonical":"https:\/\/www.ed-energy.de\/en\/wind-turbines\/realization-of-the-project-building-construction\/","og_locale":"en_US","og_type":"article","og_title":"REALIZATION OF THE PROJECT & BUILDING CONSTRUCTION","og_description":"Tendering and placing of all construction work, construction management and construction","og_url":"https:\/\/www.ed-energy.de\/en\/wind-turbines\/realization-of-the-project-building-construction\/","og_site_name":"ED-ENERGY","article_modified_time":"2023-02-23T10:02:47+00:00","og_image":[{"url":"https:\/\/www.ed-energy.de\/wp-content\/uploads\/40455249-scaled.jpg","type":"","width":"","height":""}],"twitter_card":"summary_large_image","twitter_misc":{"Est. reading time":"2 minutes"},"schema":{"@context":"https:\/\/schema.org","@graph":[{"@type":"WebPage","@id":"https:\/\/www.ed-energy.de\/en\/wind-turbines\/realization-of-the-project-building-construction\/","url":"https:\/\/www.ed-energy.de\/en\/wind-turbines\/realization-of-the-project-building-construction\/","name":"REALIZATION OF THE PROJECT & BUILDING CONSTRUCTION","isPartOf":{"@id":"https:\/\/www.ed-energy.de\/#website"},"primaryImageOfPage":{"@id":"https:\/\/www.ed-energy.de\/en\/wind-turbines\/realization-of-the-project-building-construction\/#primaryimage"},"image":{"@id":"https:\/\/www.ed-energy.de\/en\/wind-turbines\/realization-of-the-project-building-construction\/#primaryimage"},"thumbnailUrl":"https:\/\/www.ed-energy.de\/wp-content\/uploads\/40455249-scaled.jpg","datePublished":"2023-02-06T13:54:39+00:00","dateModified":"2023-02-23T10:02:47+00:00","description":"Tendering and placing of all construction work, construction management and construction","breadcrumb":{"@id":"https:\/\/www.ed-energy.de\/en\/wind-turbines\/realization-of-the-project-building-construction\/#breadcrumb"},"inLanguage":"en-US","potentialAction":[{"@type":"ReadAction","target":["https:\/\/www.ed-energy.de\/en\/wind-turbines\/realization-of-the-project-building-construction\/"]}]},{"@type":"ImageObject","inLanguage":"en-US","@id":"https:\/\/www.ed-energy.de\/en\/wind-turbines\/realization-of-the-project-building-construction\/#primaryimage","url":"https:\/\/www.ed-energy.de\/wp-content\/uploads\/40455249-scaled.jpg","contentUrl":"https:\/\/www.ed-energy.de\/wp-content\/uploads\/40455249-scaled.jpg"},{"@type":"BreadcrumbList","@id":"https:\/\/www.ed-energy.de\/en\/wind-turbines\/realization-of-the-project-building-construction\/#breadcrumb","itemListElement":[{"@type":"ListItem","position":1,"name":"Home","item":"https:\/\/www.ed-energy.de\/en\/"},{"@type":"ListItem","position":2,"name":"Wind energy","item":"https:\/\/www.ed-energy.de\/en\/wind-turbines\/"},{"@type":"ListItem","position":3,"name":"Realization of the project &#038; Building construction"}]},{"@type":"WebSite","@id":"https:\/\/www.ed-energy.de\/#website","url":"https:\/\/www.ed-energy.de\/","name":"ED-ENERGY","description":"Regenerative Energiesysteme","publisher":{"@id":"https:\/\/www.ed-energy.de\/#organization"},"potentialAction":[{"@type":"SearchAction","target":{"@type":"EntryPoint","urlTemplate":"https:\/\/www.ed-energy.de\/?s={search_term_string}"},"query-input":{"@type":"PropertyValueSpecification","valueRequired":true,"valueName":"search_term_string"}}],"inLanguage":"en-US"},{"@type":"Organization","@id":"https:\/\/www.ed-energy.de\/#organization","name":"EDEG ED-Energy Germany GmbH","url":"https:\/\/www.ed-energy.de\/","logo":{"@type":"ImageObject","inLanguage":"en-US","@id":"https:\/\/www.ed-energy.de\/#\/schema\/logo\/image\/","url":"https:\/\/www.ed-energy.de\/wp-content\/uploads\/logo_x2.png","contentUrl":"https:\/\/www.ed-energy.de\/wp-content\/uploads\/logo_x2.png","width":440,"height":100,"caption":"EDEG ED-Energy Germany GmbH"},"image":{"@id":"https:\/\/www.ed-energy.de\/#\/schema\/logo\/image\/"}}]}},"_links":{"self":[{"href":"https:\/\/www.ed-energy.de\/en\/wp-json\/wp\/v2\/pages\/7473","targetHints":{"allow":["GET"]}}],"collection":[{"href":"https:\/\/www.ed-energy.de\/en\/wp-json\/wp\/v2\/pages"}],"about":[{"href":"https:\/\/www.ed-energy.de\/en\/wp-json\/wp\/v2\/types\/page"}],"author":[{"embeddable":true,"href":"https:\/\/www.ed-energy.de\/en\/wp-json\/wp\/v2\/users\/1"}],"replies":[{"embeddable":true,"href":"https:\/\/www.ed-energy.de\/en\/wp-json\/wp\/v2\/comments?post=7473"}],"version-history":[{"count":0,"href":"https:\/\/www.ed-energy.de\/en\/wp-json\/wp\/v2\/pages\/7473\/revisions"}],"up":[{"embeddable":true,"href":"https:\/\/www.ed-energy.de\/en\/wp-json\/wp\/v2\/pages\/7457"}],"wp:attachment":[{"href":"https:\/\/www.ed-energy.de\/en\/wp-json\/wp\/v2\/media?parent=7473"}],"curies":[{"name":"wp","href":"https:\/\/api.w.org\/{rel}","templated":true}]}}