{"id":7467,"date":"2023-02-06T14:26:58","date_gmt":"2023-02-06T13:26:58","guid":{"rendered":"https:\/\/www.ed-energy.de\/wind-turbines\/planung-projekt-entwicklung\/"},"modified":"2023-02-23T10:51:51","modified_gmt":"2023-02-23T09:51:51","slug":"planning-project-development","status":"publish","type":"page","link":"https:\/\/www.ed-energy.de\/en\/wind-turbines\/planning-project-development\/","title":{"rendered":"Planning &#038; Projecting"},"content":{"rendered":"<div id=\"pl-7467\"  class=\"panel-layout\" ><div id=\"pg-7467-0\"  class=\"panel-grid panel-no-style\" ><div id=\"pgc-7467-0-0\"  class=\"panel-grid-cell\" ><div id=\"panel-7467-0-0-0\" class=\"so-panel widget widget_sow-editor panel-first-child panel-last-child\" data-index=\"0\" ><div\n\t\t\t\n\t\t\tclass=\"so-widget-sow-editor so-widget-sow-editor-base\"\n\t\t\t\n\t\t>\n<div class=\"siteorigin-widget-tinymce textwidget\">\n\t<ul>\n<li>Examination of wind potential areas on usability (remaining uses), site evaluation and optimization of wind park design, optimization of the potential energy yield based on the independent wind report<\/li>\n<\/ul>\n<ul>\n<li>Evaluation and optimization of grid connection ability, grid connection concept<\/li>\n<\/ul>\n<ul>\n<li>Consulting and support in land use agreements and landowner relations<\/li>\n<\/ul>\n<ul>\n<li>Compilation of construction, immission and nature conservation legal documents and expert reports<\/li>\n<\/ul>\n<ul>\n<li>Reviews the documentation relating for the involvement of public agencies<\/li>\n<\/ul>\n<ul>\n<li>Assistance in the consultation phase and in the settlement of the licensing process<\/li>\n<\/ul>\n<ul>\n<li>Complete and detailed planning of wind park configuration and infrastructure, submission of the required plans and documents<\/li>\n<\/ul>\n<p><img loading=\"lazy\" decoding=\"async\" class=\"aligncenter\" style=\"display: block;\" src=\"https:\/\/www.ed-energy.de\/wp-content\/uploads\/52601997.jpg\" alt=\"l\u00e4chelnder gesch\u00e4ftsmann mit baupl\u00e4nen\" width=\"300\" height=\"300\" \/><\/p>\n<div class=\"fn-tagline-box fn-panel fn-panel-rounded uk-background-primary uk-light uk-padding-medium\">\n      <div class=\"uk-flex uk-flex-middle uk-grid-medium\" uk-grid>\n        <div class=\"uk-width-expand@m\"><p class=\"uk-h3 uk-margin-remove\">Any questions? Call us!<br \/>\n+49 (030) 521 35 20 60<\/p><p>Or simply write us an email<\/p><\/div>\n        <div class=\"uk-width-auto@m\">\n          <a class=\"uk-button uk-button-primary\" href=\"mailto:info@ed-energy.de\" target=\"_blank\">Contact us<\/a>\n        <\/div>\n      <\/div>\n    <\/div>\n<\/div>\n<\/div><\/div><\/div><\/div><\/div>","protected":false},"excerpt":{"rendered":"<p>Examination of wind potential areas on usability (remaining uses), site evaluation and optimization of wind park design, optimization of the potential energy yield based on the independent wind report Evaluation and optimization of grid connection ability, grid connection concept Consulting and support in land use agreements and landowner relations Compilation of construction, immission and nature [&hellip;]<\/p>\n","protected":false},"author":1,"featured_media":0,"parent":7457,"menu_order":10,"comment_status":"closed","ping_status":"closed","template":"template-sidebar.php","meta":{"_acf_changed":false,"footnotes":""},"class_list":["post-7467","page","type-page","status-publish","hentry"],"acf":[],"yoast_head":"<!-- This site is optimized with the Yoast SEO plugin v26.9 - https:\/\/yoast.com\/product\/yoast-seo-wordpress\/ -->\n<title>PLANNING &amp; PROJECTING<\/title>\n<meta name=\"description\" content=\"Examination of wind potential areas on usability (remaining uses), site evaluation and optimization of wind park design, optimization of the potential energy\" \/>\n<meta name=\"robots\" content=\"index, follow, max-snippet:-1, max-image-preview:large, max-video-preview:-1\" \/>\n<link rel=\"canonical\" href=\"https:\/\/www.ed-energy.de\/en\/wind-turbines\/planning-project-development\/\" \/>\n<meta property=\"og:locale\" content=\"en_US\" \/>\n<meta property=\"og:type\" content=\"article\" \/>\n<meta property=\"og:title\" content=\"PLANNING &amp; PROJECTING\" \/>\n<meta property=\"og:description\" content=\"Examination of wind potential areas on usability (remaining uses), site evaluation and optimization of wind park design, optimization of the potential energy\" \/>\n<meta property=\"og:url\" content=\"https:\/\/www.ed-energy.de\/en\/wind-turbines\/planning-project-development\/\" \/>\n<meta property=\"og:site_name\" content=\"ED-ENERGY\" \/>\n<meta property=\"article:modified_time\" content=\"2023-02-23T09:51:51+00:00\" \/>\n<meta property=\"og:image\" content=\"https:\/\/www.ed-energy.de\/wp-content\/uploads\/52601997.jpg\" \/>\n<meta name=\"twitter:card\" content=\"summary_large_image\" \/>\n<meta name=\"twitter:label1\" content=\"Est. reading time\" \/>\n\t<meta name=\"twitter:data1\" content=\"1 minute\" \/>\n<script type=\"application\/ld+json\" class=\"yoast-schema-graph\">{\"@context\":\"https:\/\/schema.org\",\"@graph\":[{\"@type\":\"WebPage\",\"@id\":\"https:\/\/www.ed-energy.de\/en\/wind-turbines\/planning-project-development\/\",\"url\":\"https:\/\/www.ed-energy.de\/en\/wind-turbines\/planning-project-development\/\",\"name\":\"PLANNING & PROJECTING\",\"isPartOf\":{\"@id\":\"https:\/\/www.ed-energy.de\/#website\"},\"primaryImageOfPage\":{\"@id\":\"https:\/\/www.ed-energy.de\/en\/wind-turbines\/planning-project-development\/#primaryimage\"},\"image\":{\"@id\":\"https:\/\/www.ed-energy.de\/en\/wind-turbines\/planning-project-development\/#primaryimage\"},\"thumbnailUrl\":\"https:\/\/www.ed-energy.de\/wp-content\/uploads\/52601997.jpg\",\"datePublished\":\"2023-02-06T13:26:58+00:00\",\"dateModified\":\"2023-02-23T09:51:51+00:00\",\"description\":\"Examination of wind potential areas on usability (remaining uses), site evaluation and optimization of wind park design, optimization of the potential energy\",\"breadcrumb\":{\"@id\":\"https:\/\/www.ed-energy.de\/en\/wind-turbines\/planning-project-development\/#breadcrumb\"},\"inLanguage\":\"en-US\",\"potentialAction\":[{\"@type\":\"ReadAction\",\"target\":[\"https:\/\/www.ed-energy.de\/en\/wind-turbines\/planning-project-development\/\"]}]},{\"@type\":\"ImageObject\",\"inLanguage\":\"en-US\",\"@id\":\"https:\/\/www.ed-energy.de\/en\/wind-turbines\/planning-project-development\/#primaryimage\",\"url\":\"https:\/\/www.ed-energy.de\/wp-content\/uploads\/52601997.jpg\",\"contentUrl\":\"https:\/\/www.ed-energy.de\/wp-content\/uploads\/52601997.jpg\"},{\"@type\":\"BreadcrumbList\",\"@id\":\"https:\/\/www.ed-energy.de\/en\/wind-turbines\/planning-project-development\/#breadcrumb\",\"itemListElement\":[{\"@type\":\"ListItem\",\"position\":1,\"name\":\"Home\",\"item\":\"https:\/\/www.ed-energy.de\/en\/\"},{\"@type\":\"ListItem\",\"position\":2,\"name\":\"Wind energy\",\"item\":\"https:\/\/www.ed-energy.de\/en\/wind-turbines\/\"},{\"@type\":\"ListItem\",\"position\":3,\"name\":\"Planning &#038; Projecting\"}]},{\"@type\":\"WebSite\",\"@id\":\"https:\/\/www.ed-energy.de\/#website\",\"url\":\"https:\/\/www.ed-energy.de\/\",\"name\":\"ED-ENERGY\",\"description\":\"Regenerative Energiesysteme\",\"publisher\":{\"@id\":\"https:\/\/www.ed-energy.de\/#organization\"},\"potentialAction\":[{\"@type\":\"SearchAction\",\"target\":{\"@type\":\"EntryPoint\",\"urlTemplate\":\"https:\/\/www.ed-energy.de\/?s={search_term_string}\"},\"query-input\":{\"@type\":\"PropertyValueSpecification\",\"valueRequired\":true,\"valueName\":\"search_term_string\"}}],\"inLanguage\":\"en-US\"},{\"@type\":\"Organization\",\"@id\":\"https:\/\/www.ed-energy.de\/#organization\",\"name\":\"EDEG ED-Energy Germany GmbH\",\"url\":\"https:\/\/www.ed-energy.de\/\",\"logo\":{\"@type\":\"ImageObject\",\"inLanguage\":\"en-US\",\"@id\":\"https:\/\/www.ed-energy.de\/#\/schema\/logo\/image\/\",\"url\":\"https:\/\/www.ed-energy.de\/wp-content\/uploads\/logo_x2.png\",\"contentUrl\":\"https:\/\/www.ed-energy.de\/wp-content\/uploads\/logo_x2.png\",\"width\":440,\"height\":100,\"caption\":\"EDEG ED-Energy Germany GmbH\"},\"image\":{\"@id\":\"https:\/\/www.ed-energy.de\/#\/schema\/logo\/image\/\"}}]}<\/script>\n<!-- \/ Yoast SEO plugin. -->","yoast_head_json":{"title":"PLANNING & PROJECTING","description":"Examination of wind potential areas on usability (remaining uses), site evaluation and optimization of wind park design, optimization of the potential energy","robots":{"index":"index","follow":"follow","max-snippet":"max-snippet:-1","max-image-preview":"max-image-preview:large","max-video-preview":"max-video-preview:-1"},"canonical":"https:\/\/www.ed-energy.de\/en\/wind-turbines\/planning-project-development\/","og_locale":"en_US","og_type":"article","og_title":"PLANNING & PROJECTING","og_description":"Examination of wind potential areas on usability (remaining uses), site evaluation and optimization of wind park design, optimization of the potential energy","og_url":"https:\/\/www.ed-energy.de\/en\/wind-turbines\/planning-project-development\/","og_site_name":"ED-ENERGY","article_modified_time":"2023-02-23T09:51:51+00:00","og_image":[{"url":"https:\/\/www.ed-energy.de\/wp-content\/uploads\/52601997.jpg","type":"","width":"","height":""}],"twitter_card":"summary_large_image","twitter_misc":{"Est. reading time":"1 minute"},"schema":{"@context":"https:\/\/schema.org","@graph":[{"@type":"WebPage","@id":"https:\/\/www.ed-energy.de\/en\/wind-turbines\/planning-project-development\/","url":"https:\/\/www.ed-energy.de\/en\/wind-turbines\/planning-project-development\/","name":"PLANNING & PROJECTING","isPartOf":{"@id":"https:\/\/www.ed-energy.de\/#website"},"primaryImageOfPage":{"@id":"https:\/\/www.ed-energy.de\/en\/wind-turbines\/planning-project-development\/#primaryimage"},"image":{"@id":"https:\/\/www.ed-energy.de\/en\/wind-turbines\/planning-project-development\/#primaryimage"},"thumbnailUrl":"https:\/\/www.ed-energy.de\/wp-content\/uploads\/52601997.jpg","datePublished":"2023-02-06T13:26:58+00:00","dateModified":"2023-02-23T09:51:51+00:00","description":"Examination of wind potential areas on usability (remaining uses), site evaluation and optimization of wind park design, optimization of the potential energy","breadcrumb":{"@id":"https:\/\/www.ed-energy.de\/en\/wind-turbines\/planning-project-development\/#breadcrumb"},"inLanguage":"en-US","potentialAction":[{"@type":"ReadAction","target":["https:\/\/www.ed-energy.de\/en\/wind-turbines\/planning-project-development\/"]}]},{"@type":"ImageObject","inLanguage":"en-US","@id":"https:\/\/www.ed-energy.de\/en\/wind-turbines\/planning-project-development\/#primaryimage","url":"https:\/\/www.ed-energy.de\/wp-content\/uploads\/52601997.jpg","contentUrl":"https:\/\/www.ed-energy.de\/wp-content\/uploads\/52601997.jpg"},{"@type":"BreadcrumbList","@id":"https:\/\/www.ed-energy.de\/en\/wind-turbines\/planning-project-development\/#breadcrumb","itemListElement":[{"@type":"ListItem","position":1,"name":"Home","item":"https:\/\/www.ed-energy.de\/en\/"},{"@type":"ListItem","position":2,"name":"Wind energy","item":"https:\/\/www.ed-energy.de\/en\/wind-turbines\/"},{"@type":"ListItem","position":3,"name":"Planning &#038; Projecting"}]},{"@type":"WebSite","@id":"https:\/\/www.ed-energy.de\/#website","url":"https:\/\/www.ed-energy.de\/","name":"ED-ENERGY","description":"Regenerative Energiesysteme","publisher":{"@id":"https:\/\/www.ed-energy.de\/#organization"},"potentialAction":[{"@type":"SearchAction","target":{"@type":"EntryPoint","urlTemplate":"https:\/\/www.ed-energy.de\/?s={search_term_string}"},"query-input":{"@type":"PropertyValueSpecification","valueRequired":true,"valueName":"search_term_string"}}],"inLanguage":"en-US"},{"@type":"Organization","@id":"https:\/\/www.ed-energy.de\/#organization","name":"EDEG ED-Energy Germany GmbH","url":"https:\/\/www.ed-energy.de\/","logo":{"@type":"ImageObject","inLanguage":"en-US","@id":"https:\/\/www.ed-energy.de\/#\/schema\/logo\/image\/","url":"https:\/\/www.ed-energy.de\/wp-content\/uploads\/logo_x2.png","contentUrl":"https:\/\/www.ed-energy.de\/wp-content\/uploads\/logo_x2.png","width":440,"height":100,"caption":"EDEG ED-Energy Germany GmbH"},"image":{"@id":"https:\/\/www.ed-energy.de\/#\/schema\/logo\/image\/"}}]}},"_links":{"self":[{"href":"https:\/\/www.ed-energy.de\/en\/wp-json\/wp\/v2\/pages\/7467","targetHints":{"allow":["GET"]}}],"collection":[{"href":"https:\/\/www.ed-energy.de\/en\/wp-json\/wp\/v2\/pages"}],"about":[{"href":"https:\/\/www.ed-energy.de\/en\/wp-json\/wp\/v2\/types\/page"}],"author":[{"embeddable":true,"href":"https:\/\/www.ed-energy.de\/en\/wp-json\/wp\/v2\/users\/1"}],"replies":[{"embeddable":true,"href":"https:\/\/www.ed-energy.de\/en\/wp-json\/wp\/v2\/comments?post=7467"}],"version-history":[{"count":0,"href":"https:\/\/www.ed-energy.de\/en\/wp-json\/wp\/v2\/pages\/7467\/revisions"}],"up":[{"embeddable":true,"href":"https:\/\/www.ed-energy.de\/en\/wp-json\/wp\/v2\/pages\/7457"}],"wp:attachment":[{"href":"https:\/\/www.ed-energy.de\/en\/wp-json\/wp\/v2\/media?parent=7467"}],"curies":[{"name":"wp","href":"https:\/\/api.w.org\/{rel}","templated":true}]}}