{"id":7432,"date":"2022-12-02T15:31:46","date_gmt":"2022-12-02T14:31:46","guid":{"rendered":"https:\/\/www.ed-energy.de\/engineering\/energiekonzeption\/"},"modified":"2023-02-22T17:00:54","modified_gmt":"2023-02-22T16:00:54","slug":"concept-energy-concept","status":"publish","type":"page","link":"https:\/\/www.ed-energy.de\/en\/engineering\/concept-energy-concept\/","title":{"rendered":"Energy concept"},"content":{"rendered":"<div id=\"pl-7432\"  class=\"panel-layout\" ><div id=\"pg-7432-0\"  class=\"panel-grid panel-no-style\" ><div id=\"pgc-7432-0-0\"  class=\"panel-grid-cell\" ><div id=\"panel-7432-0-0-0\" class=\"so-panel widget widget_fn-images-widget panel-first-child panel-last-child\" data-index=\"0\" ><div\n\t\t\t\n\t\t\tclass=\"so-widget-fn-images-widget so-widget-fn-images-widget-base\"\n\t\t\t\n\t\t><div class=\"fn-images\" data-layout=\"1\" uk-scrollspy=\"target: &gt; div; cls: uk-animation-slide-right-small; delay: 300\"><div><img decoding=\"async\" src=\"https:\/\/www.ed-energy.de\/wp-content\/uploads\/TGA-Hauptseite-768x576.jpg\" alt=\"Wir sind Ihr Dienstleister f\u00fcr Technische Geb\u00e4udeausr\u00fcstung in Berlin und Brandenburg.\" title=\"\" \/><\/div><\/div><\/div><\/div><\/div><div id=\"pgc-7432-0-1\"  class=\"panel-grid-cell\" ><div id=\"panel-7432-0-1-0\" class=\"so-panel widget widget_sow-editor panel-first-child panel-last-child\" data-index=\"1\" ><div\n\t\t\t\n\t\t\tclass=\"so-widget-sow-editor so-widget-sow-editor-base\"\n\t\t\t\n\t\t>\n<div class=\"siteorigin-widget-tinymce textwidget\">\n\t<h1 class=\"uk-h2\">Energy concept<\/h1>\n<p>Whether new construction or renovation: As part of a design and planning advice, we develop concepts for buildings (residential and commercial building) with high energy efficiency and low operating costs. This includes the energy optimization of the building envelope and plant technology taking account of economic and environmental aspects and user comfort.<\/p>\n<\/div>\n<\/div><\/div><\/div><\/div><div id=\"pg-7432-1\"  class=\"panel-grid panel-has-style\" ><div class=\"fn-panel-row-reverse-mobile panel-row-style panel-row-style-for-7432-1\" ><div id=\"pgc-7432-1-0\"  class=\"panel-grid-cell\" ><div id=\"panel-7432-1-0-0\" class=\"so-panel widget widget_sow-editor panel-first-child panel-last-child\" data-index=\"2\" ><div\n\t\t\t\n\t\t\tclass=\"so-widget-sow-editor so-widget-sow-editor-base\"\n\t\t\t\n\t\t>\n<div class=\"siteorigin-widget-tinymce textwidget\">\n\t<h3 class=\"uk-h2\">The benefits in detail:<\/h3>\n<ul class=\"fn-list-check\">\n<li>Basic evaluation (location factors, load structure, meteorological conditions)<\/li>\n<li>Development of structural and system-technical measures to minimize energy requirements and operating costs and also to ensure the required room climate conditions<\/li>\n<li>Integration of innovative systems into the overall concept (e.g. solar thermal and geothermal energy, ventilation systems, biomass, etc.)<\/li>\n<li>Feasibility studies to the different structural and system technical measures<\/li>\n<\/ul>\n<\/div>\n<\/div><\/div><\/div><div id=\"pgc-7432-1-1\"  class=\"panel-grid-cell\" ><div id=\"panel-7432-1-1-0\" class=\"so-panel widget widget_sow-image panel-first-child panel-last-child\" data-index=\"3\" ><div\n\t\t\t\n\t\t\tclass=\"so-widget-sow-image so-widget-sow-image-default-c67d20f9f743-7432\"\n\t\t\t\n\t\t>\n<div class=\"sow-image-container\">\n\t\t<img \n\tsrc=\"https:\/\/www.ed-energy.de\/wp-content\/uploads\/logo_x2.png\" width=\"440\" height=\"100\" srcset=\"https:\/\/www.ed-energy.de\/wp-content\/uploads\/logo_x2.png 440w, https:\/\/www.ed-energy.de\/wp-content\/uploads\/logo_x2-300x68.png 300w\" sizes=\"(max-width: 440px) 100vw, 440px\" alt=\"Logo von Ed-Energy GmbH aus Berlin\" \t\tclass=\"so-widget-image\"\/>\n\t<\/div>\n\n<\/div><\/div><\/div><\/div><\/div><div id=\"pg-7432-2\"  class=\"panel-grid panel-no-style\" ><div id=\"pgc-7432-2-0\"  class=\"panel-grid-cell\" ><div id=\"panel-7432-2-0-0\" class=\"so-panel widget widget_fn-images-widget panel-first-child panel-last-child\" data-index=\"4\" ><div\n\t\t\t\n\t\t\tclass=\"so-widget-fn-images-widget so-widget-fn-images-widget-base\"\n\t\t\t\n\t\t><div class=\"fn-images\" data-layout=\"1\" uk-scrollspy=\"target: &gt; div; cls: uk-animation-slide-right-small; delay: 300\"><div><img decoding=\"async\" src=\"https:\/\/www.ed-energy.de\/wp-content\/uploads\/39447885-768x512.jpg\" alt=\"thermal imaging of a town house\" title=\"\" \/><\/div><\/div><\/div><\/div><\/div><div id=\"pgc-7432-2-1\"  class=\"panel-grid-cell\" ><div id=\"panel-7432-2-1-0\" class=\"so-panel widget widget_sow-editor panel-first-child panel-last-child\" data-index=\"5\" ><div\n\t\t\t\n\t\t\tclass=\"so-widget-sow-editor so-widget-sow-editor-base\"\n\t\t\t\n\t\t>\n<div class=\"siteorigin-widget-tinymce textwidget\">\n\t<h4 class=\"uk-h2\">Energy efficient renovation<\/h4>\n<p>A new heating system, new Windows, insulation, solar or photovoltaic systems, etc. \u2014 measures that can improve the energy efficiency of your building and thus contribute to climate protection, are generously supported by the policy. At this we can show potential funding for your property (new or existing buildings).<\/p>\n<p>In the report the user behavior and the present condition of existing property are valued, where sensible energy saving measures for energy conservation are proposed.<\/p>\n<p>The report includes the energy consumption certificate, energy performance certificate for residential buildings, as well as for objects that are not used as living space. We create a sophisticated energy report for your building.<\/p>\n<\/div>\n<\/div><\/div><\/div><\/div><div id=\"pg-7432-3\"  class=\"panel-grid panel-no-style\" ><div id=\"pgc-7432-3-0\"  class=\"panel-grid-cell\" ><div id=\"panel-7432-3-0-0\" class=\"widget_text so-panel widget widget_custom_html panel-first-child panel-last-child\" data-index=\"6\" ><div class=\"textwidget custom-html-widget\"><hr \/><\/div><\/div><\/div><\/div><div id=\"pg-7432-4\"  class=\"panel-grid panel-has-style\" ><div class=\"fn-panel-row-reverse-mobile panel-row-style panel-row-style-for-7432-4\" ><div id=\"pgc-7432-4-0\"  class=\"panel-grid-cell\" ><div id=\"panel-7432-4-0-0\" class=\"so-panel widget widget_sow-editor panel-first-child\" data-index=\"7\" ><div\n\t\t\t\n\t\t\tclass=\"so-widget-sow-editor so-widget-sow-editor-base\"\n\t\t\t\n\t\t>\n<div class=\"siteorigin-widget-tinymce textwidget\">\n\t<p class=\"uk-h2\">Any questions?<\/p>\n<p>Call us! Or simply write us an email.<\/p>\n<\/div>\n<\/div><\/div><div id=\"panel-7432-4-0-1\" class=\"so-panel widget widget_sow-editor panel-last-child\" data-index=\"8\" ><div\n\t\t\t\n\t\t\tclass=\"so-widget-sow-editor so-widget-sow-editor-base\"\n\t\t\t\n\t\t>\n<div class=\"siteorigin-widget-tinymce textwidget\">\n\t<p><i class=\"fas fa-envelope fa-fw uk-text-primary uk-margin-small-right\"><\/i><a class=\"uk-text-secondary\" href=\"mailto:info&#64;&#101;d&#45;&#101;&#110;&#101;&#114;&#103;y&#46;de\">&#105;n&#102;&#111;&#64;&#101;&#100;-&#101;&#110;e&#114;g&#121;&#46;d&#101;<\/a><br \/>\n<i class=\"fas fa-phone-alt fa-fw uk-text-primary uk-margin-small-right\"><\/i><a class=\"uk-text-secondary\" href=\"tel:+4930521352060\">+49 (0) 30 521 35 20 - 60<\/a><\/p>\n<\/div>\n<\/div><\/div><\/div><div id=\"pgc-7432-4-1\"  class=\"panel-grid-cell\" ><div id=\"panel-7432-4-1-0\" class=\"so-panel widget widget_sow-editor panel-first-child panel-last-child\" data-index=\"9\" ><div\n\t\t\t\n\t\t\tclass=\"so-widget-sow-editor so-widget-sow-editor-base\"\n\t\t\t\n\t\t>\n<div class=\"siteorigin-widget-tinymce textwidget\">\n\t<p style=\"text-align: center;\"><i class=\"fas fa-user-headset uk-text-primary fn-icon-large\"><\/i><\/p>\n<\/div>\n<\/div><\/div><\/div><\/div><\/div><\/div>","protected":false},"excerpt":{"rendered":"<p>Energy concept Whether new construction or renovation: As part of a design and planning advice, we develop concepts for buildings (residential and commercial building) with high energy efficiency and low operating costs. This includes the energy optimization of the building envelope and plant technology taking account of economic and environmental aspects and user comfort. The [&hellip;]<\/p>\n","protected":false},"author":1,"featured_media":0,"parent":7418,"menu_order":20,"comment_status":"closed","ping_status":"closed","template":"template-sidebar.php","meta":{"_acf_changed":false,"footnotes":""},"class_list":["post-7432","page","type-page","status-publish","hentry"],"acf":[],"yoast_head":"<!-- This site is optimized with the Yoast SEO plugin v26.9 - https:\/\/yoast.com\/product\/yoast-seo-wordpress\/ -->\n<title>ENERGY CONCEPT<\/title>\n<meta name=\"description\" content=\"Whether new construction or renovation: As part of a design and planning advice, we develop concepts for buildings (residential and commercial building) with\" \/>\n<meta name=\"robots\" content=\"index, follow, max-snippet:-1, max-image-preview:large, max-video-preview:-1\" \/>\n<link rel=\"canonical\" href=\"https:\/\/www.ed-energy.de\/en\/engineering\/concept-energy-concept\/\" \/>\n<meta property=\"og:locale\" content=\"en_US\" \/>\n<meta property=\"og:type\" content=\"article\" \/>\n<meta property=\"og:title\" content=\"ENERGY CONCEPT\" \/>\n<meta property=\"og:description\" content=\"Whether new construction or renovation: As part of a design and planning advice, we develop concepts for buildings (residential and commercial building) with\" \/>\n<meta property=\"og:url\" content=\"https:\/\/www.ed-energy.de\/en\/engineering\/concept-energy-concept\/\" \/>\n<meta property=\"og:site_name\" content=\"ED-ENERGY\" \/>\n<meta property=\"article:modified_time\" content=\"2023-02-22T16:00:54+00:00\" \/>\n<meta name=\"twitter:card\" content=\"summary_large_image\" \/>\n<meta name=\"twitter:label1\" content=\"Est. reading time\" \/>\n\t<meta name=\"twitter:data1\" content=\"2 minutes\" \/>\n<script type=\"application\/ld+json\" class=\"yoast-schema-graph\">{\"@context\":\"https:\/\/schema.org\",\"@graph\":[{\"@type\":\"WebPage\",\"@id\":\"https:\/\/www.ed-energy.de\/en\/engineering\/concept-energy-concept\/\",\"url\":\"https:\/\/www.ed-energy.de\/en\/engineering\/concept-energy-concept\/\",\"name\":\"ENERGY CONCEPT\",\"isPartOf\":{\"@id\":\"https:\/\/www.ed-energy.de\/#website\"},\"datePublished\":\"2022-12-02T14:31:46+00:00\",\"dateModified\":\"2023-02-22T16:00:54+00:00\",\"description\":\"Whether new construction or renovation: As part of a design and planning advice, we develop concepts for buildings (residential and commercial building) with\",\"breadcrumb\":{\"@id\":\"https:\/\/www.ed-energy.de\/en\/engineering\/concept-energy-concept\/#breadcrumb\"},\"inLanguage\":\"en-US\",\"potentialAction\":[{\"@type\":\"ReadAction\",\"target\":[\"https:\/\/www.ed-energy.de\/en\/engineering\/concept-energy-concept\/\"]}]},{\"@type\":\"BreadcrumbList\",\"@id\":\"https:\/\/www.ed-energy.de\/en\/engineering\/concept-energy-concept\/#breadcrumb\",\"itemListElement\":[{\"@type\":\"ListItem\",\"position\":1,\"name\":\"Home\",\"item\":\"https:\/\/www.ed-energy.de\/en\/\"},{\"@type\":\"ListItem\",\"position\":2,\"name\":\"Engineering\",\"item\":\"https:\/\/www.ed-energy.de\/en\/engineering\/\"},{\"@type\":\"ListItem\",\"position\":3,\"name\":\"Energy concept\"}]},{\"@type\":\"WebSite\",\"@id\":\"https:\/\/www.ed-energy.de\/#website\",\"url\":\"https:\/\/www.ed-energy.de\/\",\"name\":\"ED-ENERGY\",\"description\":\"Regenerative Energiesysteme\",\"publisher\":{\"@id\":\"https:\/\/www.ed-energy.de\/#organization\"},\"potentialAction\":[{\"@type\":\"SearchAction\",\"target\":{\"@type\":\"EntryPoint\",\"urlTemplate\":\"https:\/\/www.ed-energy.de\/?s={search_term_string}\"},\"query-input\":{\"@type\":\"PropertyValueSpecification\",\"valueRequired\":true,\"valueName\":\"search_term_string\"}}],\"inLanguage\":\"en-US\"},{\"@type\":\"Organization\",\"@id\":\"https:\/\/www.ed-energy.de\/#organization\",\"name\":\"EDEG ED-Energy Germany GmbH\",\"url\":\"https:\/\/www.ed-energy.de\/\",\"logo\":{\"@type\":\"ImageObject\",\"inLanguage\":\"en-US\",\"@id\":\"https:\/\/www.ed-energy.de\/#\/schema\/logo\/image\/\",\"url\":\"https:\/\/www.ed-energy.de\/wp-content\/uploads\/logo_x2.png\",\"contentUrl\":\"https:\/\/www.ed-energy.de\/wp-content\/uploads\/logo_x2.png\",\"width\":440,\"height\":100,\"caption\":\"EDEG ED-Energy Germany GmbH\"},\"image\":{\"@id\":\"https:\/\/www.ed-energy.de\/#\/schema\/logo\/image\/\"}}]}<\/script>\n<!-- \/ Yoast SEO plugin. -->","yoast_head_json":{"title":"ENERGY CONCEPT","description":"Whether new construction or renovation: As part of a design and planning advice, we develop concepts for buildings (residential and commercial building) with","robots":{"index":"index","follow":"follow","max-snippet":"max-snippet:-1","max-image-preview":"max-image-preview:large","max-video-preview":"max-video-preview:-1"},"canonical":"https:\/\/www.ed-energy.de\/en\/engineering\/concept-energy-concept\/","og_locale":"en_US","og_type":"article","og_title":"ENERGY CONCEPT","og_description":"Whether new construction or renovation: As part of a design and planning advice, we develop concepts for buildings (residential and commercial building) with","og_url":"https:\/\/www.ed-energy.de\/en\/engineering\/concept-energy-concept\/","og_site_name":"ED-ENERGY","article_modified_time":"2023-02-22T16:00:54+00:00","twitter_card":"summary_large_image","twitter_misc":{"Est. reading time":"2 minutes"},"schema":{"@context":"https:\/\/schema.org","@graph":[{"@type":"WebPage","@id":"https:\/\/www.ed-energy.de\/en\/engineering\/concept-energy-concept\/","url":"https:\/\/www.ed-energy.de\/en\/engineering\/concept-energy-concept\/","name":"ENERGY CONCEPT","isPartOf":{"@id":"https:\/\/www.ed-energy.de\/#website"},"datePublished":"2022-12-02T14:31:46+00:00","dateModified":"2023-02-22T16:00:54+00:00","description":"Whether new construction or renovation: As part of a design and planning advice, we develop concepts for buildings (residential and commercial building) with","breadcrumb":{"@id":"https:\/\/www.ed-energy.de\/en\/engineering\/concept-energy-concept\/#breadcrumb"},"inLanguage":"en-US","potentialAction":[{"@type":"ReadAction","target":["https:\/\/www.ed-energy.de\/en\/engineering\/concept-energy-concept\/"]}]},{"@type":"BreadcrumbList","@id":"https:\/\/www.ed-energy.de\/en\/engineering\/concept-energy-concept\/#breadcrumb","itemListElement":[{"@type":"ListItem","position":1,"name":"Home","item":"https:\/\/www.ed-energy.de\/en\/"},{"@type":"ListItem","position":2,"name":"Engineering","item":"https:\/\/www.ed-energy.de\/en\/engineering\/"},{"@type":"ListItem","position":3,"name":"Energy concept"}]},{"@type":"WebSite","@id":"https:\/\/www.ed-energy.de\/#website","url":"https:\/\/www.ed-energy.de\/","name":"ED-ENERGY","description":"Regenerative Energiesysteme","publisher":{"@id":"https:\/\/www.ed-energy.de\/#organization"},"potentialAction":[{"@type":"SearchAction","target":{"@type":"EntryPoint","urlTemplate":"https:\/\/www.ed-energy.de\/?s={search_term_string}"},"query-input":{"@type":"PropertyValueSpecification","valueRequired":true,"valueName":"search_term_string"}}],"inLanguage":"en-US"},{"@type":"Organization","@id":"https:\/\/www.ed-energy.de\/#organization","name":"EDEG ED-Energy Germany GmbH","url":"https:\/\/www.ed-energy.de\/","logo":{"@type":"ImageObject","inLanguage":"en-US","@id":"https:\/\/www.ed-energy.de\/#\/schema\/logo\/image\/","url":"https:\/\/www.ed-energy.de\/wp-content\/uploads\/logo_x2.png","contentUrl":"https:\/\/www.ed-energy.de\/wp-content\/uploads\/logo_x2.png","width":440,"height":100,"caption":"EDEG ED-Energy Germany GmbH"},"image":{"@id":"https:\/\/www.ed-energy.de\/#\/schema\/logo\/image\/"}}]}},"_links":{"self":[{"href":"https:\/\/www.ed-energy.de\/en\/wp-json\/wp\/v2\/pages\/7432","targetHints":{"allow":["GET"]}}],"collection":[{"href":"https:\/\/www.ed-energy.de\/en\/wp-json\/wp\/v2\/pages"}],"about":[{"href":"https:\/\/www.ed-energy.de\/en\/wp-json\/wp\/v2\/types\/page"}],"author":[{"embeddable":true,"href":"https:\/\/www.ed-energy.de\/en\/wp-json\/wp\/v2\/users\/1"}],"replies":[{"embeddable":true,"href":"https:\/\/www.ed-energy.de\/en\/wp-json\/wp\/v2\/comments?post=7432"}],"version-history":[{"count":0,"href":"https:\/\/www.ed-energy.de\/en\/wp-json\/wp\/v2\/pages\/7432\/revisions"}],"up":[{"embeddable":true,"href":"https:\/\/www.ed-energy.de\/en\/wp-json\/wp\/v2\/pages\/7418"}],"wp:attachment":[{"href":"https:\/\/www.ed-energy.de\/en\/wp-json\/wp\/v2\/media?parent=7432"}],"curies":[{"name":"wp","href":"https:\/\/api.w.org\/{rel}","templated":true}]}}